{"id":897,"date":"2021-06-06T07:31:58","date_gmt":"2021-06-06T05:31:58","guid":{"rendered":"https:\/\/shop.sinn-und-form.de\/downloads\/produkt\/heft-1-1949-rolland-romain-roemischer-fruehling-aus-den-jugenderinnerungen-seite-5-39\/"},"modified":"2021-10-19T17:01:46","modified_gmt":"2021-10-19T15:01:46","slug":"heft-1-1949-rolland-romain-roemischer-fruehling-aus-den-jugenderinnerungen-seite-5-39","status":"publish","type":"product","link":"https:\/\/shop.sinn-und-form.de\/downloads\/produkt\/heft-1-1949-rolland-romain-roemischer-fruehling-aus-den-jugenderinnerungen-seite-5-39\/","title":{"rendered":"Heft 1\/1949 \u2013 Rolland, Romain: R\u00f6mischer Fr\u00fchling. Aus den \u00bbJugenderinnerungen\u00ab \u2013 Seite 5-39"},"content":{"rendered":"","protected":false},"excerpt":{"rendered":"<p>R\u00d6MISCHER FR\u00dcHLING Aus den \u00abJugenderinnerungen\u00bb<\/p>\n<p>Rom hat in meinem Leben einen solchen Glanz zur\u00fcckgelassen, da\u00df ich immer geneigt war, dieser Stadt die entscheidende Rolle in meiner Entwicklung zuzuschreiben. Ich sah in ihr die gute Fee, die meine Schicksale verwandelte. Fast m\u00f6chte ich meine zweite \u2014meine wahre Geburt von ihr ableiten. Darin liegt eine List der Liebe. Man ver\u00ad sucht, sich davon zu \u00fcberzeugen, da\u00df man f\u00fcr den geliebten Gegen\u00ad stand geboren ist und durch ihn zu seiner wahren Natur geboren wurde. Man wei\u00df wohl, da\u00df es anders ist! Man h\u00fcllt sich in diese Illu\u00ad sion, mit geschlossenen Augen, um zu tr\u00e4umen. Ich bin aus dem Traum erwacht. Ohne davon losgel\u00f6st zu sein \u2014ein Faden, der immer feiner wird, h\u00e4lt mich noch heute daran fest \u2014, betrachte ich ihn von au\u00dfen. Ich sehe die Zauberin &#8230; die Stadt Rom, die ich so sehr geliebt.. Meine Liebe ist das Beste, was du mir gegeben hast. Das \u00fcbrige w\u00fcrde ich an irgendeinem anderen Orte, an den mein Schicksal mich gef\u00fchrt h\u00e4tte, auch ohne dich bekommen haben. Ich trug es in mir. Mein Reisegep\u00e4ck war auf der R\u00fcckreise wie auf der Ausreise das gleiche. Aber f\u00fcr das ganze Leben ist es ganz von dir durchtr\u00e4nkt worden. Dein Duft, nichts anderes. Nichts Geringeres als die Liebe, dieser Traum vom Gl\u00fcck, Er verdrehte mir den Kopf &#8230; Es war nichts als ein Traum. Er hat mir geholfen, zu leben. Und vielleicht hat er durch mich sehr vielen anderen ebenso geholfen&#8230;<\/p>\n<p>Im Jahre 1889 hatte Italien nichts, was einen jungen Geist anziehen konnte, der gleich dem meinen von den Problemen der Gegenwart besessen war. Mein Interesse war mit oder ohne Sympathie den Na\u00ad tionen und V\u00f6lkern zugewandt, die in dem heutigen Leben fester ver\u00ad wurzelt waren: Deutschland oder England. Und da die Musik ihr Ge\u00ad wicht in die Waage warf, h\u00e4tte ich Deutschland gew\u00e4hlt. Ich h\u00e4tte gern die Sieger jener Zeit: Bismarck und Wagner aus der N\u00e4he ge\u00ad sehen .. Bei Wagner kam ich zu sp\u00e4t, er war in seinem Garten in Wahnfried entschlummert. Aber die Erde hatte sich erst vor so kurzer Zeit \u00fcber ihm geschlossen, da\u00df es mir war, als w\u00fcrde ich seinem Schat\u00ad ten in den Alleen begegnen. Und wirklich bin ich ihm, darauf m\u00f6chte<\/p>\n","protected":false},"featured_media":0,"template":"","meta":[],"product_brand":[],"product_cat":[57],"product_tag":[],"class_list":{"0":"post-897","1":"product","2":"type-product","3":"status-publish","5":"product_cat-einzelartikel","7":"first","8":"instock","9":"downloadable","10":"virtual","11":"sold-individually","12":"taxable","13":"purchasable","14":"product-type-simple"},"_links":{"self":[{"href":"https:\/\/shop.sinn-und-form.de\/downloads\/wp-json\/wp\/v2\/product\/897","targetHints":{"allow":["GET"]}}],"collection":[{"href":"https:\/\/shop.sinn-und-form.de\/downloads\/wp-json\/wp\/v2\/product"}],"about":[{"href":"https:\/\/shop.sinn-und-form.de\/downloads\/wp-json\/wp\/v2\/types\/product"}],"wp:attachment":[{"href":"https:\/\/shop.sinn-und-form.de\/downloads\/wp-json\/wp\/v2\/media?parent=897"}],"wp:term":[{"taxonomy":"product_brand","embeddable":true,"href":"https:\/\/shop.sinn-und-form.de\/downloads\/wp-json\/wp\/v2\/product_brand?post=897"},{"taxonomy":"product_cat","embeddable":true,"href":"https:\/\/shop.sinn-und-form.de\/downloads\/wp-json\/wp\/v2\/product_cat?post=897"},{"taxonomy":"product_tag","embeddable":true,"href":"https:\/\/shop.sinn-und-form.de\/downloads\/wp-json\/wp\/v2\/product_tag?post=897"}],"curies":[{"name":"wp","href":"https:\/\/api.w.org\/{rel}","templated":true}]}}